{"id":1951,"date":"2020-02-04T15:32:45","date_gmt":"2020-02-04T14:32:45","guid":{"rendered":"http:\/\/upcz.cz.uvds240.active24.cz\/partner\/"},"modified":"2026-04-01T11:19:28","modified_gmt":"2026-04-01T09:19:28","slug":"partner","status":"publish","type":"page","link":"https:\/\/www.upcz.cz\/en\/partner\/","title":{"rendered":"For partners"},"content":{"rendered":"\n<div class=\"wp-block-group radial-gradient-orange bottom has-white-fg-color has-black-bg-background-color has-text-color has-background is-layout-constrained wp-container-core-group-is-layout-865312b7 wp-block-group-is-layout-constrained\" style=\"padding-top:0;padding-bottom:0\">\n<div class=\"wp-block-columns are-vertically-aligned-center is-layout-flex wp-container-core-columns-is-layout-82db4e0d wp-block-columns-is-layout-flex\">\n<div class=\"wp-block-column is-vertically-aligned-center is-layout-flow wp-block-column-is-layout-flow\" style=\"flex-basis:45%\">\n<div class=\"wp-block-group is-layout-flow wp-container-core-group-is-layout-3ca914a4 wp-block-group-is-layout-flow\">\n<h1 class=\"wp-block-heading has-white-fg-color has-text-color\">For partners<\/h1>\n\n\n\n<p class=\"has-text-color has-medium-font-size\" style=\"color:#ffffffcc;line-height:1.5\">With us, you gain a reliable partner for your business and growth, along with plenty of new customers eager to enjoy your services or products.<\/p>\n\n\n\n<div class=\"wp-block-buttons is-layout-flex wp-block-buttons-is-layout-flex\">\n<div class=\"wp-block-button has-primary-orange-background-color has-white-fg-color has-text-color has-background is-style-fill is-style-fill--1\"><a class=\"wp-block-button__link wp-element-button\" href=\"#mam-zajem\" style=\"border-radius:10px\">I want to become a partner \u2192<\/a><\/div>\n<\/div>\n<\/div>\n<\/div>\n\n\n\n<div class=\"wp-block-column is-vertically-aligned-center is-layout-flow wp-block-column-is-layout-flow\" style=\"flex-basis:55%\">\n<figure class=\"wp-block-image size-full\"><img decoding=\"async\" src=\"\/wp-content\/uploads\/2026\/01\/Group-34.webp\" alt=\"\" class=\"wp-image-52201\" style=\"object-fit:cover\"><\/figure>\n<\/div>\n<\/div>\n<\/div>\n\n\n\n<div class=\"wp-block-group has-white-fg-color has-dark-bg-background-color has-text-color has-background is-layout-constrained wp-container-core-group-is-layout-db2e065e wp-block-group-is-layout-constrained\" style=\"border-radius:40px;margin-top:0;margin-bottom:0;padding-top:80px;padding-bottom:80px\">\n<h2 class=\"wp-block-heading has-white-fg-color has-text-color\">What you gain from working with <mark style=\"background-color:rgba(0, 0, 0, 0)\" class=\"has-inline-color has-primary-orange-color\">Up Benefity<\/mark><\/h2>\n\n\n\n<div class=\"wp-block-columns is-layout-flex wp-container-core-columns-is-layout-212b4b86 wp-block-columns-is-layout-flex\">\n<div class=\"wp-block-column is-layout-flow wp-block-column-is-layout-flow\" style=\"flex-basis:33.33%\">\n<div class=\"wp-block-group is-layout-flow wp-container-core-group-is-layout-343acf9e wp-block-group-is-layout-flow\">\n<div class=\"wp-block-group is-layout-flow wp-container-core-group-is-layout-fe0e2ea3 wp-block-group-is-layout-flow\">\n<figure class=\"wp-block-image size-full is-resized\"><img decoding=\"async\" src=\"\/wp-content\/uploads\/2026\/01\/icon-stat-1.svg\" alt=\"\" style=\"width:48px;height:48px\"><\/figure>\n\n\n\n<h3 class=\"wp-block-heading has-white-fg-color has-text-color\">More customers<\/h3>\n<\/div>\n\n\n\n<p class=\"has-up-light-color has-text-color\" style=\"line-height:1.4\">From day one, you can tap into our wide base of satisfied users. This means higher revenue for you and increased interest in your services.<\/p>\n<\/div>\n<\/div>\n\n\n\n<div class=\"wp-block-column is-layout-flow wp-block-column-is-layout-flow\" style=\"flex-basis:33.33%\">\n<div class=\"wp-block-group is-layout-flow wp-container-core-group-is-layout-343acf9e wp-block-group-is-layout-flow\">\n<div class=\"wp-block-group is-layout-flow wp-container-core-group-is-layout-fe0e2ea3 wp-block-group-is-layout-flow\">\n<figure class=\"wp-block-image size-full is-resized\"><img decoding=\"async\" src=\"\/wp-content\/uploads\/2026\/01\/icon-stat-2.svg\" alt=\"\" style=\"width:48px;height:48px\"><\/figure>\n\n\n\n<h3 class=\"wp-block-heading has-white-fg-color has-text-color\">Up Club loyalty program<\/h3>\n<\/div>\n\n\n\n<p class=\"has-up-light-color has-text-color\" style=\"line-height:1.4\">Customers love loyalty programs!<br>Join the largest gastro loyalty program in the Czech Republic and become part of a growing community of engaged users. The result? Higher revenue and a clear competitive advantage.<\/p>\n<\/div>\n<\/div>\n\n\n\n<div class=\"wp-block-column is-layout-flow wp-block-column-is-layout-flow\" style=\"flex-basis:33.33%\">\n<div class=\"wp-block-group is-layout-flow wp-container-core-group-is-layout-343acf9e wp-block-group-is-layout-flow\">\n<div class=\"wp-block-group is-layout-flow wp-container-core-group-is-layout-fe0e2ea3 wp-block-group-is-layout-flow\">\n<figure class=\"wp-block-image size-full is-resized\"><img decoding=\"async\" src=\"\/wp-content\/uploads\/2026\/01\/icon-stat-3.svg\" alt=\"\" style=\"width:52px;height:48px\"><\/figure>\n\n\n\n<h3 class=\"wp-block-heading has-white-fg-color has-text-color\">Partner promotion<\/h3>\n<\/div>\n\n\n\n<p class=\"has-up-light-color has-text-color\" style=\"line-height:1.4\">We help our partners shine.<br>With us, you\u2019ll stay visible. We can promote your special offers directly in the <a href=\"https:\/\/www.mujup.cz\/\" target=\"_blank\" data-type=\"link\" data-id=\"https:\/\/www.mujup.cz\/\" rel=\"noreferrer noopener\">M\u016fj Up<\/a> app and across our other channels.<\/p>\n<\/div>\n<\/div>\n<\/div>\n<\/div>\n\n\n\n<div class=\"wp-block-group is-layout-constrained wp-container-core-group-is-layout-65b31429 wp-block-group-is-layout-constrained\" style=\"margin-top:0;margin-bottom:0;padding-top:80px;padding-right:0px;padding-bottom:80px;padding-left:0px\">\n<h2 class=\"wp-block-heading has-text-align-center has-white-fg-color has-text-color\">What does the journey to the ideal solution look like?<\/h2>\n\n\n\n<div class=\"wp-block-group is-content-justification-center is-layout-flex wp-container-core-group-is-layout-b02886af wp-block-group-is-layout-flex\">\n<div class=\"wp-block-group wp-container-content-8919bbe9 is-layout-constrained wp-container-core-group-is-layout-5dee346c wp-block-group-is-layout-constrained\">\n<h3 class=\"wp-block-heading has-text-align-center has-white-fg-color has-text-color has-x-large-font-size\">01<\/h3>\n\n\n\n<h4 class=\"wp-block-heading has-text-align-center has-white-fg-color has-text-color\">Write to us<\/h4>\n\n\n\n<p class=\"has-text-align-center has-white-fg-color has-text-color\" style=\"line-height:1.5\">using our form<\/p>\n<\/div>\n\n\n\n<figure class=\"wp-block-image size-full is-resized wp-container-content-c0740251\"><img decoding=\"async\" src=\"\/wp-content\/uploads\/2026\/01\/icon-arrow-1.svg\" alt=\"\" style=\"width:40px;height:30px\"><\/figure>\n\n\n\n<div class=\"wp-block-group wp-container-content-8919bbe9 is-layout-constrained wp-container-core-group-is-layout-5dee346c wp-block-group-is-layout-constrained\">\n<h3 class=\"wp-block-heading has-text-align-center has-white-fg-color has-text-color has-x-large-font-size\">02<\/h3>\n\n\n\n<h4 class=\"wp-block-heading has-text-align-center has-white-fg-color has-text-color\">We\u2019ll get in touch with you<\/h4>\n\n\n\n<p class=\"has-text-align-center has-white-fg-color has-text-color\" style=\"line-height:1.5\">and walk you through everything<\/p>\n<\/div>\n\n\n\n<figure class=\"wp-block-image size-full is-resized wp-container-content-c0740251\"><img decoding=\"async\" src=\"\/wp-content\/uploads\/2026\/01\/icon-arrow-2.svg\" alt=\"\" style=\"width:53px;height:40px\"><\/figure>\n\n\n\n<div class=\"wp-block-group wp-container-content-8919bbe9 is-layout-constrained wp-container-core-group-is-layout-5dee346c wp-block-group-is-layout-constrained\">\n<h3 class=\"wp-block-heading has-text-align-center has-white-fg-color has-text-color has-x-large-font-size\">03<\/h3>\n\n\n\n<h4 class=\"wp-block-heading has-text-align-center has-white-fg-color has-text-color\">Together, we\u2019ll set up everything<\/h4>\n\n\n\n<p class=\"has-text-align-center has-white-fg-color has-text-color\" style=\"line-height:1.5\">you need<\/p>\n<\/div>\n\n\n\n<figure class=\"wp-block-image size-full is-resized wp-container-content-c0740251\"><img decoding=\"async\" src=\"\/wp-content\/uploads\/2026\/01\/icon-arrow-3.svg\" alt=\"\" style=\"width:53px;height:40px\"><\/figure>\n\n\n\n<div class=\"wp-block-group wp-container-content-8919bbe9 is-layout-constrained wp-container-core-group-is-layout-5dee346c wp-block-group-is-layout-constrained\">\n<h3 class=\"wp-block-heading has-text-align-center has-white-fg-color has-text-color has-x-large-font-size\">04<\/h3>\n\n\n\n<h4 class=\"wp-block-heading has-text-align-center has-white-fg-color has-text-color\">We can start<\/h4>\n\n\n\n<p class=\"has-text-align-center has-white-fg-color has-text-color\" style=\"line-height:1.5\">our collaboration<\/p>\n<\/div>\n<\/div>\n<\/div>\n\n\n\n<div id=\"mam-zajem\" class=\"wp-block-group radial-gradient-orange bottom has-white-fg-color has-dark-bg-background-color has-text-color has-background is-layout-constrained wp-container-core-group-is-layout-cc8d1e03 wp-block-group-is-layout-constrained\" style=\"border-top-left-radius:40px;border-top-right-radius:40px;border-bottom-left-radius:40px;border-bottom-right-radius:40px;margin-top:0;margin-bottom:0;padding-top:60px;padding-right:60px;padding-bottom:0px;padding-left:60px\">\n<div class=\"wp-block-columns is-layout-flex wp-container-core-columns-is-layout-9503679e wp-block-columns-is-layout-flex\">\n<div class=\"wp-block-column is-layout-flow wp-block-column-is-layout-flow\" style=\"flex-basis:50%\">\n<div class=\"wp-block-group is-layout-flow wp-container-core-group-is-layout-343acf9e wp-block-group-is-layout-flow\">\n<div class=\"wp-block-group is-layout-constrained wp-container-core-group-is-layout-e0082cf6 wp-block-group-is-layout-constrained\">\n<h3 class=\"wp-block-heading has-white-fg-color has-text-color\">Chcete se dozv\u011bd\u011bt v\u00edce?<\/h3>\n\n\n\n<h2 class=\"wp-block-heading has-primary-orange-color has-text-color\">Napi\u0161te n\u00e1m, ozveme se v\u00e1m.<\/h2>\n<\/div>\n\n\n\n<figure class=\"wp-block-image aligncenter size-full is-resized\" style=\"margin-top:40px\"><img decoding=\"async\" src=\"https:\/\/www.upcz.cz\/wp-content\/uploads\/2026\/01\/Group-31.webp\" alt=\"\" class=\"wp-image-51928\" style=\"width:auto;height:500px\"><\/figure>\n<\/div>\n<\/div>\n\n\n\n<div class=\"wp-block-column is-layout-flow wp-block-column-is-layout-flow\" style=\"flex-basis:50%\">\n<div class=\"wp-block-contact-form-7-contact-form-selector\"><p class=\"wpcf7-contact-form-not-found\"><strong>Error:<\/strong> Contact form not found.<\/p><\/div>\n<\/div>\n<\/div>\n<\/div>\n\n\n\n<div class=\"wp-block-group is-layout-constrained wp-container-core-group-is-layout-96a34f26 wp-block-group-is-layout-constrained\" style=\"padding-top:40px;padding-right:20px;padding-bottom:40px;padding-left:20px\">\n<h2 class=\"wp-block-heading has-text-align-center\">What our partners say<\/h2>\n\n\n\n<div class=\"wp-block-columns is-layout-flex wp-container-core-columns-is-layout-6127943d wp-block-columns-is-layout-flex\">\n<div class=\"wp-block-column is-layout-flow wp-block-column-is-layout-flow\" style=\"flex-basis:365px\">\n<div class=\"wp-block-group has-border-color has-primary-orange-border-color is-layout-constrained wp-container-core-group-is-layout-a92a6282 wp-block-group-is-layout-constrained\" style=\"border-width:1px;border-radius:16px;min-height:100%;padding-top:30px;padding-right:30px;padding-bottom:30px;padding-left:30px\">\n<figure class=\"wp-block-image size-full is-resized\"><img decoding=\"async\" src=\"\/wp-content\/uploads\/2026\/01\/logo-1.png\" alt=\"\" style=\"width:80px;height:30px\"><\/figure>\n\n\n\n<div class=\"wp-block-group is-layout-flow wp-container-core-group-is-layout-fe0e2ea3 wp-block-group-is-layout-flow\">\n<figure class=\"wp-block-image size-full is-resized\"><img decoding=\"async\" src=\"\/wp-content\/uploads\/2026\/01\/quote-open.svg\" alt=\"\" style=\"width:19px;height:17px\"><\/figure>\n\n\n\n<p class=\"has-tertiary-color has-text-color\">Ji\u017en\u00ed Morava je pro milovn\u00edky cyklistiky, historie a dobr\u00e9ho v\u00edna doslova r\u00e1jem na zemi. Co takhle vyrazit na kolo a vyu\u017e\u00edt svou kartu eBenefity a napl\u00e1novat jarn\u00ed v\u00fdlet pln\u00fd kr\u00e1sn\u00fdch z\u00e1\u017eitk\u016f? Objevte region, kde se vinice t\u00e1hnou a\u017e k obzoru, a historie na v\u00e1s d\u00fdch\u00e1 na ka\u017ed\u00e9m ujet\u00e9m kilometru. A\u0165 u\u017e hled\u00e1te stylov\u00e9 ubytov\u00e1n\u00ed, chcete\u2026<\/p>\n\n\n\n<figure class=\"wp-block-image alignright size-full is-resized\"><img decoding=\"async\" src=\"\/wp-content\/uploads\/2026\/01\/quote-close.svg\" alt=\"\" style=\"width:19px;height:15px\"><\/figure>\n<\/div>\n\n\n\n<div class=\"wp-block-group is-layout-flow wp-container-core-group-is-layout-343acf9e wp-block-group-is-layout-flow\">\n<figure class=\"wp-block-image size-full is-resized\"><img decoding=\"async\" src=\"\/wp-content\/uploads\/2026\/01\/testimonial-1.png\" alt=\"\" style=\"width:70px;height:70px\"><\/figure>\n\n\n\n<div class=\"wp-block-group is-layout-flow wp-container-core-group-is-layout-47e5a185 wp-block-group-is-layout-flow\">\n<h4 class=\"wp-block-heading has-white-fg-color has-text-color has-small-font-size\" style=\"padding-top:0;padding-bottom:0\">Jana Carbnochov\u00e1<\/h4>\n\n\n\n<p class=\"has-tertiary-color has-text-color\" style=\"padding-top:0;padding-bottom:0\">Marketing manager Klik.cz<\/p>\n<\/div>\n<\/div>\n<\/div>\n<\/div>\n\n\n\n<div class=\"wp-block-column is-layout-flow wp-block-column-is-layout-flow\" style=\"flex-basis:365px\">\n<div class=\"wp-block-group has-border-color has-primary-orange-border-color has-black-bg-background-color has-background is-layout-constrained wp-container-core-group-is-layout-a92a6282 wp-block-group-is-layout-constrained\" style=\"border-width:1px;border-radius:16px;min-height:100%;padding-top:30px;padding-right:30px;padding-bottom:30px;padding-left:30px\">\n<figure class=\"wp-block-image size-full is-resized\"><img decoding=\"async\" src=\"\/wp-content\/uploads\/2026\/01\/logo-2.png\" alt=\"\" style=\"width:30px;height:30px\"><\/figure>\n\n\n\n<div class=\"wp-block-group is-layout-flow wp-container-core-group-is-layout-fe0e2ea3 wp-block-group-is-layout-flow\">\n<figure class=\"wp-block-image size-full is-resized\"><img decoding=\"async\" src=\"\/wp-content\/uploads\/2026\/01\/quote-open.svg\" alt=\"\" style=\"width:19px;height:17px\"><\/figure>\n\n\n\n<p class=\"has-tertiary-color has-text-color\">Ji\u017en\u00ed Morava je pro milovn\u00edky cyklistiky, historie a dobr\u00e9ho v\u00edna doslova r\u00e1jem na zemi. Co takhle vyrazit na kolo a vyu\u017e\u00edt svou kartu eBenefity a napl\u00e1novat jarn\u00ed v\u00fdlet pln\u00fd kr\u00e1sn\u00fdch z\u00e1\u017eitk\u016f? Objevte region, kde se vinice t\u00e1hnou a\u017e k obzoru, a historie na v\u00e1s d\u00fdch\u00e1 na ka\u017ed\u00e9m ujet\u00e9m kilometru. A\u0165 u\u017e hled\u00e1te stylov\u00e9 ubytov\u00e1n\u00ed, chcete\u2026<\/p>\n\n\n\n<figure class=\"wp-block-image alignright size-full is-resized\"><img decoding=\"async\" src=\"\/wp-content\/uploads\/2026\/01\/quote-close.svg\" alt=\"\" style=\"width:19px;height:15px\"><\/figure>\n<\/div>\n\n\n\n<div class=\"wp-block-group is-layout-flow wp-container-core-group-is-layout-343acf9e wp-block-group-is-layout-flow\">\n<figure class=\"wp-block-image size-full is-resized\"><img decoding=\"async\" src=\"\/wp-content\/uploads\/2026\/01\/testimonial-2.png\" alt=\"\" style=\"width:70px;height:70px\"><\/figure>\n\n\n\n<div class=\"wp-block-group is-layout-flow wp-container-core-group-is-layout-47e5a185 wp-block-group-is-layout-flow\">\n<h4 class=\"wp-block-heading has-white-fg-color has-text-color has-small-font-size\">Jan \u010cernoch<\/h4>\n\n\n\n<p class=\"has-tertiary-color has-text-color\">Finan\u010dn\u00ed spr\u00e1va<\/p>\n<\/div>\n<\/div>\n<\/div>\n<\/div>\n\n\n\n<div class=\"wp-block-column is-layout-flow wp-block-column-is-layout-flow\" style=\"flex-basis:365px\">\n<div class=\"wp-block-group has-border-color has-primary-orange-border-color is-layout-constrained wp-container-core-group-is-layout-a92a6282 wp-block-group-is-layout-constrained\" style=\"border-width:1px;border-radius:16px;min-height:100%;padding-top:30px;padding-right:30px;padding-bottom:30px;padding-left:30px\">\n<figure class=\"wp-block-image size-full is-resized\"><img decoding=\"async\" src=\"\/wp-content\/uploads\/2026\/01\/logo-3.png\" alt=\"\" style=\"width:69px;height:30px\"><\/figure>\n\n\n\n<div class=\"wp-block-group is-layout-flow wp-container-core-group-is-layout-fe0e2ea3 wp-block-group-is-layout-flow\">\n<figure class=\"wp-block-image size-full is-resized\"><img decoding=\"async\" src=\"\/wp-content\/uploads\/2026\/01\/quote-open.svg\" alt=\"\" style=\"width:19px;height:17px\"><\/figure>\n\n\n\n<p class=\"has-tertiary-color has-text-color\">Ji\u017en\u00ed Morava je pro milovn\u00edky cyklistiky, historie a dobr\u00e9ho v\u00edna doslova r\u00e1jem na zemi. Co takhle vyrazit na kolo a vyu\u017e\u00edt svou kartu eBenefity a napl\u00e1novat jarn\u00ed v\u00fdlet pln\u00fd kr\u00e1sn\u00fdch z\u00e1\u017eitk\u016f? Objevte region, kde se vinice t\u00e1hnou a\u017e k obzoru, a historie na v\u00e1s d\u00fdch\u00e1 na ka\u017ed\u00e9m ujet\u00e9m kilometru. A\u0165 u\u017e hled\u00e1te stylov\u00e9 ubytov\u00e1n\u00ed, chcete\u2026<\/p>\n\n\n\n<figure class=\"wp-block-image alignright size-full is-resized\"><img decoding=\"async\" src=\"\/wp-content\/uploads\/2026\/01\/quote-close.svg\" alt=\"\" style=\"width:19px;height:15px\"><\/figure>\n<\/div>\n\n\n\n<div class=\"wp-block-group is-layout-flow wp-container-core-group-is-layout-343acf9e wp-block-group-is-layout-flow\">\n<figure class=\"wp-block-image size-full is-resized\"><img decoding=\"async\" src=\"\/wp-content\/uploads\/2026\/01\/testimonial-3.png\" alt=\"\" style=\"width:70px;height:70px\"><\/figure>\n\n\n\n<div class=\"wp-block-group is-layout-flow wp-container-core-group-is-layout-47e5a185 wp-block-group-is-layout-flow\">\n<h4 class=\"wp-block-heading has-white-fg-color has-text-color has-small-font-size\">Vlastimil V\u00e1lek<\/h4>\n\n\n\n<p class=\"has-tertiary-color has-text-color\">Ministerstvo zdravotnictv\u00ed \u010cR<\/p>\n<\/div>\n<\/div>\n<\/div>\n<\/div>\n<\/div>\n<\/div>\n\n\n\n<div class=\"wp-block-group has-white-fg-color has-black-bg-background-color has-text-color has-background is-layout-constrained wp-container-core-group-is-layout-1df745bf wp-block-group-is-layout-constrained\" style=\"padding-bottom:80px\">\n<h2 class=\"wp-block-heading has-text-align-center has-white-fg-color has-text-color\">Frequently asked questions<\/h2>\n\n\n\n<div class=\"wp-block-group is-layout-flow wp-container-core-group-is-layout-da1d6529 wp-block-group-is-layout-flow\">\n<details class=\"wp-block-details is-layout-flow wp-block-details-is-layout-flow\" style=\"border-radius:16px;padding-top:20px;padding-right:30px;padding-bottom:20px;padding-left:30px\"><summary>Ot\u00e1zka lorem ipsum dolor amet<\/summary>\n<p style=\"line-height:1.6\">Lorem ipsum dolor sit amet consectetur. Tristique aliquet imperdiet<\/p>\n<\/details>\n\n\n\n<details class=\"wp-block-details is-layout-flow wp-block-details-is-layout-flow\" style=\"border-radius:16px;padding-top:20px;padding-right:30px;padding-bottom:20px;padding-left:30px\"><summary>Ot\u00e1zka lorem ipsum dolor amet<\/summary>\n<p style=\"line-height:1.6\">Lorem ipsum dolor sit amet consectetur. Tristique aliquet imperdiet<\/p>\n<\/details>\n\n\n\n<details class=\"wp-block-details is-layout-flow wp-block-details-is-layout-flow\" style=\"padding-top:20px;padding-right:30px;padding-bottom:20px;padding-left:30px\"><summary>Ot\u00e1zka lorem ipsum dolor amet<\/summary>\n\n<p style=\"line-height:1.6\">Lorem ipsum dolor sit amet consectetur. Adipiscing sed nullam mauris orci aliquam elementum sed sit lorem. Mi consequat vitae imperdiet eget semper malesuada. Adipiscing amet dictum sed et tincidunt amet viverra quam. Faucibus integer egestas eget egestas pretium in mattis scelerisque.<\/p>\n\n<\/details>\n<\/div>\n<\/div>\n\n\n\n<p><\/p>\n","protected":false},"excerpt":{"rendered":"<p>For partners With us, you gain a reliable partner for your business and growth, along with plenty of new customers eager to enjoy your services or products. What you gain [&hellip;]<\/p>\n","protected":false},"author":2,"featured_media":0,"parent":0,"menu_order":0,"comment_status":"closed","ping_status":"closed","template":"","meta":{"_acf_changed":false,"inline_featured_image":false,"_EventAllDay":false,"_EventTimezone":"","_EventStartDate":"","_EventEndDate":"","_EventStartDateUTC":"","_EventEndDateUTC":"","_EventShowMap":false,"_EventShowMapLink":false,"_EventURL":"","_EventCost":"","_EventCostDescription":"","_EventCurrencySymbol":"","_EventCurrencyCode":"","_EventCurrencyPosition":"","_EventDateTimeSeparator":"","_EventTimeRangeSeparator":"","_EventOrganizerID":[],"_EventVenueID":[],"_OrganizerEmail":"","_OrganizerPhone":"","_OrganizerWebsite":"","_VenueAddress":"","_VenueCity":"","_VenueCountry":"","_VenueProvince":"","_VenueState":"","_VenueZip":"","_VenuePhone":"","_VenueURL":"","_VenueStateProvince":"","_VenueLat":"","_VenueLng":"","_VenueShowMap":false,"_VenueShowMapLink":false,"footnotes":""},"class_list":["post-1951","page","type-page","status-publish","hentry"],"acf":[],"jetpack_sharing_enabled":true,"_links":{"self":[{"href":"https:\/\/www.upcz.cz\/en\/wp-json\/wp\/v2\/pages\/1951","targetHints":{"allow":["GET"]}}],"collection":[{"href":"https:\/\/www.upcz.cz\/en\/wp-json\/wp\/v2\/pages"}],"about":[{"href":"https:\/\/www.upcz.cz\/en\/wp-json\/wp\/v2\/types\/page"}],"author":[{"embeddable":true,"href":"https:\/\/www.upcz.cz\/en\/wp-json\/wp\/v2\/users\/2"}],"replies":[{"embeddable":true,"href":"https:\/\/www.upcz.cz\/en\/wp-json\/wp\/v2\/comments?post=1951"}],"version-history":[{"count":32,"href":"https:\/\/www.upcz.cz\/en\/wp-json\/wp\/v2\/pages\/1951\/revisions"}],"predecessor-version":[{"id":56321,"href":"https:\/\/www.upcz.cz\/en\/wp-json\/wp\/v2\/pages\/1951\/revisions\/56321"}],"wp:attachment":[{"href":"https:\/\/www.upcz.cz\/en\/wp-json\/wp\/v2\/media?parent=1951"}],"curies":[{"name":"wp","href":"https:\/\/api.w.org\/{rel}","templated":true}]}}