{"id":29055,"date":"2023-09-27T20:30:29","date_gmt":"2023-09-27T18:30:29","guid":{"rendered":"https:\/\/www.upcz.cz\/?page_id=29055"},"modified":"2026-04-02T09:09:55","modified_gmt":"2026-04-02T07:09:55","slug":"philanthropy","status":"publish","type":"page","link":"https:\/\/www.upcz.cz\/en\/csr\/philanthropy\/","title":{"rendered":"Philanthropy"},"content":{"rendered":"\n<div class=\"wp-block-group alignwide ekonomika-section section-with-decorative-elements is-vertical is-layout-flex wp-container-core-group-is-layout-7ad2a104 wp-block-group-is-layout-flex has-background\" style=\"min-height:500px;margin-top:var(--wp--preset--spacing--60);margin-bottom:var(--wp--preset--spacing--60);background-image:url(&apos;https:\/\/www.upcz.cz\/wp-content\/uploads\/2026\/02\/Frame-35-3.webp&apos;);background-position:99% 50%;background-repeat:no-repeat;background-size:contain;\">\n<div class=\"wp-block-group is-content-justification-left is-layout-constrained wp-container-core-group-is-layout-74cbbf86 wp-block-group-is-layout-constrained\">\n<figure class=\"wp-block-image size-full is-resized\"><img decoding=\"async\" src=\"https:\/\/www.upcz.cz\/wp-content\/uploads\/2026\/02\/Vector-1.svg\" alt=\"\" class=\"wp-image-52784\" style=\"width:60px;height:60px\"><\/figure>\n\n\n\n<h1 class=\"wp-block-heading has-white-fg-color has-text-color\">Philanthropy<\/h1>\n\n\n\n<p class=\"has-white-fg-color has-text-color has-medium-font-size\" style=\"line-height:1.5\">Charity is an essential part of social responsibility, and it represents an important value for us and for our Group. Whether it involves investing time, goods, or financial support, we believe that meaningful contributions to the public good are vital for society.<\/p>\n<\/div>\n<\/div>\n\n\n\n<div class=\"wp-block-group my-5 px-3 has-gray-dark-color has-text-color is-layout-constrained wp-container-core-group-is-layout-bdbfdc43 wp-block-group-is-layout-constrained\">\n<p class=\"has-medium-font-size\">Since the founding of our company, we have always strived to help others. A testament to this is the establishment of the Up Group Foundation in 2017, through which we have already funded countless projects, for example with ROSA, an organization combating violence against women, or \u2018Dejme d\u011btem \u0161anci\u2019, which supports children and young people from children\u2019s homes as they prepare for and enter independent life.<\/p>\n\n\n\n<p>Up is also actively involved in social issues, whether it concerns the fight against the war in Ukraine or providing help during natural disasters such as floods or the tornado in Moravia, as well as other urgent challenges. However, we are most proud of the engagement of our employees, who support others with their time and financial contributions and launch new projects every year, some of which you can see below.<\/p>\n\n\n\n<p>V sou\u010dasn\u00e9 dob\u011b spole\u010dn\u011b s Nadac\u00ed Up podporujeme dva projekty. Prvn\u00edm je <a href=\"https:\/\/www.zsalsa.cz\/cs\/o-nas\/nas-tym\" target=\"_blank\" rel=\"noreferrer noopener\">Mobiln\u00ed Multidisciplin\u00e1rn\u00ed t\u00fdm pro pacienty s ALS<\/a> od charitativn\u00ed organizace ALSA. Multidisciplin\u00e1rn\u00ed p\u00e9\u010de spojuje t\u00fdm pracovn\u00edk\u016f speci\u00e1ln\u011b vy\u0161kolen\u00fdch k \u0159e\u0161en\u00ed pot\u0159eb lid\u00ed \u017eij\u00edc\u00edch s ALS, nemocn\u00fdm umo\u017e\u0148uje z\u00edskat rozmanit\u00e9 informace b\u011bhem jedin\u00e9 n\u00e1v\u0161t\u011bvy. Tento t\u00fdm spolupracuje na \u00fazem\u00ed bydli\u0161t\u011b nemocn\u00e9ho, s organizacemi poskytuj\u00edc\u00ed zdravotn\u00ed, soci\u00e1ln\u00ed a jinou p\u00e9\u010di. Pro pacienty v pr\u016fb\u011bhu nemoci je tato p\u00e9\u010de jednou z m\u00e1la mo\u017enost\u00ed, jak zpomalit pr\u016fb\u011bh nemoci, a hlavn\u011b p\u0159i t\u011b\u017ek\u00e9m imobiln\u00edm stavu nemuset doj\u00ed\u017ed\u011bt za mnoha odborn\u00edky. Mobiln\u00ed p\u00e9\u010de jim umo\u017e\u0148uje rodin\u00e1m dos\u00e1hnout informac\u00edm, kter\u00e9 jinak slo\u017eit\u011b vyhled\u00e1vaj\u00ed na internetu a jsou mnohdy mystifikov\u00e1n\u00ed a dezinformov\u00e1n\u00ed. <\/p>\n\n\n\n<p>Druh\u00fdm projektem je <a href=\"https:\/\/www.cestadomu.cz\/ambulance-paliativni-a-podpurne-pece\" target=\"_blank\" rel=\"noreferrer noopener\">Ambulance paliativn\u00ed a podp\u016frn\u00e9 p\u00e9\u010de<\/a> od organizace Cesta dom\u016f. Hlavn\u00edm c\u00edlem je rozvoj zdravotn\u00edch slu\u017eeb v oblasti paliativn\u00ed p\u00e9\u010de formou mobiln\u00ed ambulance paliativn\u00ed a podp\u016frn\u00e9 p\u00e9\u010de s v\u00fdjezdovou n\u00e1v\u0161t\u011bvn\u00ed slu\u017ebou. D\u00edky tomuto projektu se zv\u00fd\u0161\u00ed dostupnost specializovan\u00e9 paliativn\u00ed p\u00e9\u010de jinou formou, ne\u017e zaveden\u00edm dom\u00e1c\u00ed hospitalizace nebo hospitalizace ve zdravotnick\u00e9m za\u0159\u00edzen\u00ed. Ambulance d\u00e1le nab\u00edz\u00ed vypracov\u00e1n\u00ed pl\u00e1nu budouc\u00ed p\u00e9\u010de, kter\u00e1 je shodn\u00e1 s c\u00edli a p\u0159\u00e1n\u00edmi pacienta a jeho bl\u00edzk\u00fdch, a navrhuje postup pro p\u0159\u00edpad komplikac\u00ed. <\/p>\n\n\n\n<p>Oba projekty obdr\u017eeli na tento rok \u0161ek v hodnot\u011b 5000\u20ac pro rozvoj jejich aktivit.<\/p>\n\n\n\n<h2 class=\"wp-block-heading\">Jak pom\u00e1h\u00e1me?<\/h2>\n\n\n\n<ul class=\"wp-block-list is-style-orange-bullets\">\n<li>Dlouhodob\u011b podporujeme charitativn\u00ed organizace <a href=\"https:\/\/www.zsalsa.cz\" target=\"_blank\" rel=\"noopener\">Alsa<\/a> a <a href=\"https:\/\/www.cestadomu.cz\" target=\"_blank\" rel=\"noopener\">Cesta dom\u016f<\/a><\/li>\n\n\n\n<li>Jsme sou\u010d\u00e1st\u00ed projektu <a href=\"https:\/\/aktivnimesto.cz\" target=\"_blank\" rel=\"noopener\">Aktivn\u00ed m\u011bsto<\/a>, kter\u00fd podporuje sportovn\u00ed aktivity v \u010desk\u00fdch m\u011bstech<\/li>\n\n\n\n<li>Pravideln\u011b po\u0159\u00e1d\u00e1me dobro\u010dinn\u00e9 sb\u00edrky \u2013 drogerie a potraviny, nebo oble\u010den\u00ed pro DDM<\/li>\n\n\n\n<li>Vedeme charitativn\u00ed firemn\u00ed sn\u00eddan\u011b <\/li>\n\n\n\n<li>Kupujeme v\u00fdrobky z chr\u00e1n\u011bn\u00fdch d\u00edlen a vyu\u017e\u00edv\u00e1me je jako d\u00e1rky pro partnery<\/li>\n\n\n\n<li>Na\u0161e stoly zdob\u00ed charitativn\u00ed kalend\u00e1\u0159e ve prosp\u011bch <a href=\"https:\/\/www.kontobariery.cz\/\" target=\"_blank\" rel=\"noreferrer noopener\">Konta bari\u00e9ry<\/a><\/li>\n\n\n\n<li>D\u011bti zam\u011bstnanc\u016f dost\u00e1vaj\u00ed charitativn\u00ed adventn\u00ed kalend\u00e1\u0159 od organizace <a href=\"https:\/\/www.dejmedetemsanci.cz\/\" target=\"_blank\" rel=\"noreferrer noopener\">Dejme d\u011btem \u0161anci<\/a><\/li>\n<\/ul>\n\n\n\n<h2 class=\"wp-block-heading\">Co dodr\u017eujeme na pracovi\u0161ti?<\/h2>\n\n\n\n<ul class=\"wp-block-list is-style-orange-bullets\">\n<li>Zaokrouhlujeme si mzdy pro matchingov\u00fd fond <a href=\"http:\/\/nadejeprotebe.cz\/\" target=\"_blank\" rel=\"noopener\">Nad\u011bje pro Tebe<\/a><\/li>\n\n\n\n<li>M\u00e1me t\u0159i dny volna pro charitativn\u00ed \u00fa\u010dely<\/li>\n\n\n\n<li>V r\u00e1mci skupiny Up m\u00e1me Nadaci Up, kter\u00e1 spolufinancuje r\u016fzn\u00e9 charitativn\u00ed projekty <\/li>\n\n\n\n<li>Na\u0161i zam\u011bstnanci i \u010dlenov\u00e9 veden\u00ed se pravideln\u011b \u00fa\u010dastn\u00ed mnoha charitativn\u00edch akc\u00ed (Teribear, No\u010dn\u00ed b\u011bh pro sv\u011btlu\u0161ku, B\u011bh dobr\u00e9 v\u016fle, Prague City Swim a dal\u0161\u00ed)<\/li>\n\n\n\n<li>V\u0161ichni se zapojujeme do v\u00fdzev jako Movember, Papu\u010dov\u00fd den \u010di Pono\u017ekov\u00e1 v\u00fdzva<\/li>\n<\/ul>\n\n\n\n<h2 class=\"wp-block-heading\">Jak se vzd\u011bl\u00e1v\u00e1me?<\/h2>\n\n\n\n<ul class=\"wp-block-list is-style-orange-bullets\">\n<li>Pravideln\u00e9 workshopy a setk\u00e1n\u00ed pro zam\u011bstnance<\/li>\n<\/ul>\n<\/div>\n\n\n\n<div class=\"wp-block-group is-layout-constrained wp-container-core-group-is-layout-dc5c69e4 wp-block-group-is-layout-constrained\" style=\"padding-top:var(--wp--preset--spacing--60);padding-bottom:var(--wp--preset--spacing--60)\">\n<div class=\"wp-block-cb-carousel-v2 cb-carousel-block\" data-cb-slides-per-view=\"1\" data-cb-slides-per-group=\"1\" data-cb-space-between=\"15\" data-cb-speed=\"300\" data-cb-navigation=\"true\" data-cb-pagination=\"true\" data-cb-loop=\"true\" data-cb-breakpoints=\"{&quot;768&quot;:{&quot;slidesPerView&quot;:3,&quot;slidesPerGroup&quot;:1}}\"><div class=\"swiper\"><div class=\"cb-wrapper swiper-wrapper\">\n<div class=\"wp-block-cb-slide-v2 cb-slide swiper-slide\">\n<div class=\"wp-block-group is-style-circular-card has-dark-gray-background-color has-background is-layout-flow wp-block-group-is-layout-flow\" style=\"border-radius:9999px;padding-top:40px;padding-right:40px;padding-bottom:40px;padding-left:40px\">\n<figure class=\"wp-block-image size-full is-resized\"><img decoding=\"async\" src=\"https:\/\/www.upcz.cz\/wp-content\/uploads\/2026\/02\/Group.svg\" alt=\"\" class=\"wp-image-52742\" style=\"width:60px;height:60px\"><\/figure>\n\n\n\n<h3 class=\"wp-block-heading has-text-align-center has-white-fg-color has-text-color\">Ekonomika<\/h3>\n\n\n\n<p class=\"has-text-align-center\"><a href=\"https:\/\/www.upcz.cz\/en\/csr\/economy\/\" data-type=\"page\" data-id=\"28982\">Zjist\u011bte v\u00edce \u2192<\/a><\/p>\n<\/div>\n<\/div>\n\n\n\n<div class=\"wp-block-cb-slide-v2 cb-slide swiper-slide\">\n<div class=\"wp-block-group is-style-circular-card has-dark-gray-background-color has-background is-layout-flow wp-block-group-is-layout-flow\" style=\"border-radius:9999px;margin-top:30px;margin-bottom:30px;padding-top:40px;padding-right:40px;padding-bottom:40px;padding-left:40px\">\n<figure class=\"wp-block-image size-full is-resized\"><img decoding=\"async\" src=\"\/wp-content\/uploads\/2026\/01\/icon-filantropie.svg\" alt=\"Filantropie\" style=\"width:60px;height:60px\"\/><\/figure>\n\n\n\n<h3 class=\"wp-block-heading has-text-align-center has-white-fg-color has-text-color\">Ekologie<\/h3>\n\n\n\n<p class=\"has-text-align-center\"><a href=\"https:\/\/www.upcz.cz\/vyzvy\/ekologicka-reseni\/\" data-type=\"vyzvy\" data-id=\"52568\">Zjist\u011bte v\u00edce \u2192<\/a><\/p>\n<\/div>\n<\/div>\n\n\n\n<div class=\"wp-block-cb-slide-v2 cb-slide swiper-slide\">\n<div class=\"wp-block-group aligncenter is-style-circular-card has-dark-gray-background-color has-background is-layout-flow wp-block-group-is-layout-flow\" style=\"border-radius:9999px;margin-top:30px;margin-bottom:30px;padding-top:40px;padding-right:40px;padding-bottom:40px;padding-left:40px\">\n<figure class=\"wp-block-image size-full is-resized\"><img decoding=\"async\" src=\"\/wp-content\/uploads\/2026\/01\/icon-governance.svg\" alt=\"Governance\" style=\"width:60px;height:60px\"\/><\/figure>\n\n\n\n<h3 class=\"wp-block-heading has-text-align-center has-white-fg-color has-text-color\">Governance<\/h3>\n\n\n\n<p class=\"has-text-align-center\"><a href=\"https:\/\/www.upcz.cz\/en\/csr\/governance\/\" data-type=\"page\" data-id=\"29030\">Zjist\u011bte v\u00edce \u2192<\/a><\/p>\n<\/div>\n<\/div>\n\n\n\n<div class=\"wp-block-cb-slide-v2 cb-slide swiper-slide\">\n<div class=\"wp-block-group aligncenter is-style-circular-card has-dark-gray-background-color has-background is-layout-flow wp-block-group-is-layout-flow\" style=\"border-radius:9999px;margin-top:30px;margin-bottom:30px;padding-top:40px;padding-right:40px;padding-bottom:40px;padding-left:40px\">\n<figure class=\"wp-block-image size-full is-resized\"><img decoding=\"async\" src=\"\/wp-content\/uploads\/2026\/01\/icon-ekonomika.svg\" alt=\"Ekonomika\" style=\"width:60px;height:60px\"\/><\/figure>\n\n\n\n<h3 class=\"wp-block-heading has-text-align-center has-white-fg-color has-text-color\">Spole\u010dnost<\/h3>\n\n\n\n<p class=\"has-text-align-center\"><a href=\"https:\/\/www.upcz.cz\/en\/csr\/society\/\" data-type=\"page\" data-id=\"29034\">Zjist\u011bte v\u00edce \u2192<\/a><\/p>\n<\/div>\n<\/div>\n<\/div><\/div><div class=\"cb-pagination swiper-pagination\"><\/div><div class=\"cb-button-prev swiper-button-prev\"><\/div><div class=\"cb-button-next swiper-button-next\"><\/div><\/div>\n<\/div>\n\n\n\n<div id=\"mam-zajem\" class=\"wp-block-group kontakt-section section-with-decorative-elements radial-gradient-orange bottom has-black-bg-background-color has-background is-layout-flow wp-block-group-is-layout-flow\">\n<div class=\"wp-block-columns is-layout-flex wp-container-core-columns-is-layout-flex wp-container-core-columns-is-layout-d8090951 wp-block-columns-is-layout-flex\">\n<div class=\"wp-block-column is-layout-flow wp-block-column-is-layout-flow\" style=\"flex-basis:50%\">\n<h2 class=\"wp-block-heading has-white-fg-color has-text-color\">Looking for support for your non-profit projects?<\/h2>\n\n\n\n<p class=\"has-medium-font-size\"><strong><mark style=\"background-color:rgba(0, 0, 0, 0)\" class=\"has-inline-color has-primary-orange-color\">Contact us and we will get back to you.<\/mark><\/strong><\/p>\n\n\n\n<div class=\"wp-block-columns are-vertically-aligned-center is-layout-flex wp-container-core-columns-is-layout-flex wp-container-core-columns-is-layout-ea2d2580 wp-block-columns-is-layout-flex\">\n<div class=\"wp-block-column is-vertically-aligned-center is-layout-flow wp-block-column-is-layout-flow\" style=\"flex-basis:99px\">\n<figure class=\"wp-block-image size-full is-resized\"><img decoding=\"async\" src=\"\/wp-content\/uploads\/2026\/01\/Frame-296.webp\" alt=\"\" class=\"wp-image-52726\" style=\"width:99px;height:99px\"><\/figure>\n<\/div>\n\n\n\n<div class=\"wp-block-column is-vertically-aligned-center is-layout-flow wp-container-core-column-is-layout-8a368f38 wp-block-column-is-layout-flow\">\n<h4 class=\"wp-block-heading has-white-fg-color has-text-color\" style=\"margin-top:0;margin-bottom:0;padding-top:0;padding-bottom:0;font-size:16px;font-style:normal;font-weight:700;letter-spacing:0.16px;line-height:1.5\">Jana Ondrou\u0161kov\u00e1<\/h4>\n\n\n\n<p class=\"has-tertiary-color has-text-color\" style=\"margin-top:0;margin-bottom:0;padding-top:0;padding-bottom:0;font-size:12px;font-style:normal;font-weight:500;letter-spacing:0.36px;line-height:1.5\">CSR Coordinator<\/p>\n<\/div>\n<\/div>\n<\/div>\n\n\n\n<div class=\"wp-block-column is-layout-flow wp-block-column-is-layout-flow\" style=\"flex-basis:50%\">\n<div class=\"wp-block-contact-form-7-contact-form-selector\">\n<div class=\"wpcf7 no-js\" id=\"wpcf7-f1960-o1\" lang=\"en-US\" dir=\"ltr\" data-wpcf7-id=\"1960\">\n<div class=\"screen-reader-response\"><p role=\"status\" aria-live=\"polite\" aria-atomic=\"true\"><\/p> <ul><\/ul><\/div>\n<form action=\"\/en\/wp-json\/wp\/v2\/pages\/29055#wpcf7-f1960-o1\" method=\"post\" class=\"wpcf7-form init\" aria-label=\"Contact form\" novalidate=\"novalidate\" data-status=\"init\">\n<fieldset class=\"hidden-fields-container\"><input type=\"hidden\" name=\"_wpcf7\" value=\"1960\" \/><input type=\"hidden\" name=\"_wpcf7_version\" value=\"6.1.5\" \/><input type=\"hidden\" name=\"_wpcf7_locale\" value=\"en_US\" \/><input type=\"hidden\" name=\"_wpcf7_unit_tag\" value=\"wpcf7-f1960-o1\" \/><input type=\"hidden\" name=\"_wpcf7_container_post\" value=\"0\" \/><input type=\"hidden\" name=\"_wpcf7_posted_data_hash\" value=\"\" \/><input type=\"hidden\" name=\"_wpcf7_recaptcha_response\" value=\"\" \/>\n<\/fieldset>\n<div class=\"row\">\n\t<div class=\"col-md-6\">\n\t\t<p><label> Name<br \/>\n<span class=\"wpcf7-form-control-wrap\" data-name=\"your-name\"><input size=\"40\" maxlength=\"400\" class=\"wpcf7-form-control wpcf7-text wpcf7-validates-as-required\" aria-required=\"true\" aria-invalid=\"false\" value=\"\" type=\"text\" name=\"your-name\" \/><\/span> <\/label>\n\t\t<\/p>\n\t<\/div>\n\t<div class=\"col-md-6\">\n\t\t<p><label> Company name <span class=\"small muted\">(optional)<\/span><br \/>\n<span class=\"wpcf7-form-control-wrap\" data-name=\"company\"><input size=\"40\" maxlength=\"400\" class=\"wpcf7-form-control wpcf7-text\" aria-invalid=\"false\" value=\"\" type=\"text\" name=\"company\" \/><\/span> <\/label>\n\t\t<\/p>\n\t<\/div>\n<\/div>\n<div class=\"row\">\n\t<div class=\"col-md-6\">\n\t\t<p><label> E-mail<br \/>\n<span class=\"wpcf7-form-control-wrap\" data-name=\"your-email\"><input size=\"40\" maxlength=\"400\" class=\"wpcf7-form-control wpcf7-email wpcf7-validates-as-required wpcf7-text wpcf7-validates-as-email\" aria-required=\"true\" aria-invalid=\"false\" value=\"\" type=\"email\" name=\"your-email\" \/><\/span> <\/label>\n\t\t<\/p>\n\t<\/div>\n\t<div class=\"col-md-6\">\n\t\t<p><label> Phone<br \/>\n<span class=\"wpcf7-form-control-wrap\" data-name=\"telefon\"><input size=\"40\" maxlength=\"400\" class=\"wpcf7-form-control wpcf7-tel wpcf7-validates-as-required wpcf7-text wpcf7-validates-as-tel\" aria-required=\"true\" aria-invalid=\"false\" value=\"\" type=\"tel\" name=\"telefon\" \/><\/span> <\/label>\n\t\t<\/p>\n\t<\/div>\n<\/div>\n<p><label> Your message<br \/>\n<span class=\"wpcf7-form-control-wrap\" data-name=\"message\"><textarea cols=\"40\" rows=\"3\" maxlength=\"2000\" class=\"wpcf7-form-control wpcf7-textarea wpcf7-validates-as-required\" aria-required=\"true\" aria-invalid=\"false\" name=\"message\"><\/textarea><\/span> <\/label>\n<\/p>\n<p class=\"small\">By sending your data, you allow us to process your personal data for the purpose of processing your request. More information, including information about your rights, can be found on the <a href=\"https:\/\/www.upcz.cz\/en\/personal-data-protection\/\" target=\"_blank\" title=\"Personal data protection\">Privacy Policy<\/a> page.\n<\/p>\n<p>\n<span class=\"wpcf7-form-control-wrap recaptcha\" data-name=\"recaptcha\"><span data-sitekey=\"6LfScf0pAAAAAJ0Y2scjuZO0hFNpkA5_Wxb9-Wn8\" class=\"wpcf7-form-control wpcf7-recaptcha g-recaptcha\"><\/span>\r\n<noscript>\r\n\t<div class=\"grecaptcha-noscript\">\r\n\t\t<iframe src=\"https:\/\/www.google.com\/recaptcha\/api\/fallback?k=6LfScf0pAAAAAJ0Y2scjuZO0hFNpkA5_Wxb9-Wn8\" frameborder=\"0\" scrolling=\"no\" width=\"310\" height=\"430\">\r\n\t\t<\/iframe>\r\n\t\t<textarea name=\"g-recaptcha-response\" rows=\"3\" cols=\"40\" placeholder=\"reCaptcha Response Here\">\r\n\t\t<\/textarea>\r\n\t<\/div>\r\n<\/noscript>\r\n<\/span>\n<\/p>\n<p><input class=\"wpcf7-form-control wpcf7-submit has-spinner btn btn-dark\" type=\"submit\" value=\"Send\" \/>\n<input class=\"wpcf7-form-control wpcf7-hidden\" value=\"upverso | philanthropy - formular\" type=\"hidden\" name=\"pgnm\" \/>\n<\/p><p style=\"display: none !important;\" class=\"akismet-fields-container\" data-prefix=\"_wpcf7_ak_\"><label>&#916;<textarea name=\"_wpcf7_ak_hp_textarea\" cols=\"45\" rows=\"8\" maxlength=\"100\"><\/textarea><\/label><input type=\"hidden\" id=\"ak_js_1\" name=\"_wpcf7_ak_js\" value=\"71\"\/><script>\ndocument.getElementById( \"ak_js_1\" ).setAttribute( \"value\", ( new Date() ).getTime() );\n<\/script>\n<\/p><div class=\"wpcf7-response-output\" aria-hidden=\"true\"><\/div>\n<\/form>\n<\/div>\n<\/div>\n<\/div>\n<\/div>\n<\/div>\n","protected":false},"excerpt":{"rendered":"<p>Philanthropy Charity is an essential part of social responsibility, and it represents an important value for us and for our Group. Whether it involves investing time, goods, or financial support, [&hellip;]<\/p>\n","protected":false},"author":2,"featured_media":0,"parent":1875,"menu_order":0,"comment_status":"closed","ping_status":"closed","template":"","meta":{"_acf_changed":false,"inline_featured_image":false,"_EventAllDay":false,"_EventTimezone":"","_EventStartDate":"","_EventEndDate":"","_EventStartDateUTC":"","_EventEndDateUTC":"","_EventShowMap":false,"_EventShowMapLink":false,"_EventURL":"","_EventCost":"","_EventCostDescription":"","_EventCurrencySymbol":"","_EventCurrencyCode":"","_EventCurrencyPosition":"","_EventDateTimeSeparator":"","_EventTimeRangeSeparator":"","_EventOrganizerID":[],"_EventVenueID":[],"_OrganizerEmail":"","_OrganizerPhone":"","_OrganizerWebsite":"","_VenueAddress":"","_VenueCity":"","_VenueCountry":"","_VenueProvince":"","_VenueState":"","_VenueZip":"","_VenuePhone":"","_VenueURL":"","_VenueStateProvince":"","_VenueLat":"","_VenueLng":"","_VenueShowMap":false,"_VenueShowMapLink":false,"footnotes":""},"class_list":["post-29055","page","type-page","status-publish","hentry"],"acf":[],"jetpack_sharing_enabled":true,"_links":{"self":[{"href":"https:\/\/www.upcz.cz\/en\/wp-json\/wp\/v2\/pages\/29055","targetHints":{"allow":["GET"]}}],"collection":[{"href":"https:\/\/www.upcz.cz\/en\/wp-json\/wp\/v2\/pages"}],"about":[{"href":"https:\/\/www.upcz.cz\/en\/wp-json\/wp\/v2\/types\/page"}],"author":[{"embeddable":true,"href":"https:\/\/www.upcz.cz\/en\/wp-json\/wp\/v2\/users\/2"}],"replies":[{"embeddable":true,"href":"https:\/\/www.upcz.cz\/en\/wp-json\/wp\/v2\/comments?post=29055"}],"version-history":[{"count":6,"href":"https:\/\/www.upcz.cz\/en\/wp-json\/wp\/v2\/pages\/29055\/revisions"}],"predecessor-version":[{"id":56364,"href":"https:\/\/www.upcz.cz\/en\/wp-json\/wp\/v2\/pages\/29055\/revisions\/56364"}],"up":[{"embeddable":true,"href":"https:\/\/www.upcz.cz\/en\/wp-json\/wp\/v2\/pages\/1875"}],"wp:attachment":[{"href":"https:\/\/www.upcz.cz\/en\/wp-json\/wp\/v2\/media?parent=29055"}],"curies":[{"name":"wp","href":"https:\/\/api.w.org\/{rel}","templated":true}]}}